{"id":31,"date":"2026-04-04T10:15:14","date_gmt":"2026-04-04T10:15:14","guid":{"rendered":"http:\/\/ztoxath.cluster100.hosting.ovh.net\/?page_id=31"},"modified":"2026-04-05T14:02:32","modified_gmt":"2026-04-05T12:02:32","slug":"elementor-31","status":"publish","type":"page","link":"https:\/\/desjoyauxdemillau.fr\/","title":{"rendered":""},"content":{"rendered":"\t\t<div data-elementor-type=\"wp-page\" data-elementor-id=\"31\" class=\"elementor elementor-31\">\n\t\t\t\t<div class=\"elementor-element elementor-element-4852748 e-flex e-con-boxed e-con e-parent\" data-id=\"4852748\" data-element_type=\"container\" data-e-type=\"container\">\n\t\t\t\t\t<div class=\"e-con-inner\">\n\t\t\t\t<div class=\"elementor-element elementor-element-c2c1560 elementor-widget elementor-widget-heading\" data-id=\"c2c1560\" data-element_type=\"widget\" data-e-type=\"widget\" data-widget_type=\"heading.default\">\n\t\t\t\t\t<h2 class=\"elementor-heading-title elementor-size-default\">Chatterie des Joyaux de Millau<\/h2>\t\t\t\t<\/div>\n\t\t\t\t<div class=\"elementor-element elementor-element-027f312 elementor-widget elementor-widget-text-editor\" data-id=\"027f312\" data-element_type=\"widget\" data-e-type=\"widget\" data-widget_type=\"text-editor.default\">\n\t\t\t\t\t\t\t\t\t<p>\u00a0Le British Shorthair, un chat merveilleux<\/p>\t\t\t\t\t\t\t\t<\/div>\n\t\t\t\t<div class=\"elementor-element elementor-element-bbeb1fe elementor-widget elementor-widget-image\" data-id=\"bbeb1fe\" data-element_type=\"widget\" data-e-type=\"widget\" data-widget_type=\"image.default\">\n\t\t\t\t\t\t\t\t\t\t\t\t\t\t\t<img fetchpriority=\"high\" decoding=\"async\" width=\"624\" height=\"468\" src=\"https:\/\/desjoyauxdemillau.fr\/wp-content\/uploads\/2026\/04\/57EA5998-A716-4194-BD3C-C0E38295BEA6.jpeg\" class=\"attachment-large size-large wp-image-46\" alt=\"\" srcset=\"https:\/\/desjoyauxdemillau.fr\/wp-content\/uploads\/2026\/04\/57EA5998-A716-4194-BD3C-C0E38295BEA6.jpeg 624w, https:\/\/desjoyauxdemillau.fr\/wp-content\/uploads\/2026\/04\/57EA5998-A716-4194-BD3C-C0E38295BEA6-300x225.jpeg 300w\" sizes=\"(max-width: 624px) 100vw, 624px\" \/>\t\t\t\t\t\t\t\t\t\t\t\t\t\t\t<\/div>\n\t\t\t\t<div class=\"elementor-element elementor-element-1e6769e elementor-widget elementor-widget-text-editor\" data-id=\"1e6769e\" data-element_type=\"widget\" data-e-type=\"widget\" data-widget_type=\"text-editor.default\">\n\t\t\t\t\t\t\t\t\t<p class=\"zfr3Q CDt4Ke \" dir=\"ltr\"><span class=\"C9DxTc \">Bonjour et Bienvenue sur notre site,\u00a0<\/span><\/p><p class=\"zfr3Q CDt4Ke \" dir=\"ltr\"><span class=\"C9DxTc \">C&rsquo;est en 2015, tombant sous le charme de notre premi\u00e8re british longhair bleue Hanouchka, que nous avons d\u00e9cid\u00e9 de nous lancer dans l&rsquo;aventure ! Nous \u00e9levons des british shorthair avec tout notre amour.<\/span><span class=\"C9DxTc \" style=\"font-style: inherit; font-weight: inherit;\">Bien qu&rsquo;\u00e9levage professionnel, notre chatterie se veut familiale,\u00a0<\/span><span class=\"C9DxTc \" style=\"font-style: inherit; font-weight: inherit;\">n<\/span><span class=\"C9DxTc \" style=\"font-style: inherit; font-weight: inherit;\">os 2 chiens Jolie Dixie et Phidjy et tous nos chats partagent notre vie quotidienne.\u00a0<\/span><span style=\"font-style: inherit; font-weight: inherit;\">Nous sommes situ\u00e9s \u00e0 Millau, dans l&rsquo;Aveyron.\u00a0<\/span><span class=\"C9DxTc \" style=\"font-style: inherit; font-weight: inherit;\">Notre bonheur c&rsquo;est de voir na<\/span><span class=\"C9DxTc \" style=\"font-style: inherit; font-weight: inherit;\">\u00ee<\/span><span class=\"C9DxTc \" style=\"font-style: inherit; font-weight: inherit;\">tre et grandir nos chatons, et ce bonheur va devenir le v\u00f4tre quand vous aurez pr\u00e8s de vous un de nos merveilleux joyaux.\u00a0<\/span><\/p>\t\t\t\t\t\t\t\t<\/div>\n\t\t\t\t\t<\/div>\n\t\t\t\t<\/div>\n\t\t<div class=\"elementor-element elementor-element-796f3a4 e-flex e-con-boxed e-con e-parent\" data-id=\"796f3a4\" data-element_type=\"container\" data-e-type=\"container\">\n\t\t\t\t\t<div class=\"e-con-inner\">\n\t\t<div class=\"elementor-element elementor-element-0d32a41 e-con-full e-flex e-con e-child\" data-id=\"0d32a41\" data-element_type=\"container\" data-e-type=\"container\">\n\t\t\t\t<div class=\"elementor-element elementor-element-65654f9 elementor-widget elementor-widget-text-editor\" data-id=\"65654f9\" data-element_type=\"widget\" data-e-type=\"widget\" data-widget_type=\"text-editor.default\">\n\t\t\t\t\t\t\t\t\t<p>\u00a0<\/p><p class=\"font-claude-response-body break-words whitespace-normal leading-[1.7]\" style=\"text-align: center;\">Chatterie des Joyaux de Millau &#8211; 12100 Millau &#8211; T\u00e9l : 06.79.68.34.88<\/p><p class=\"font-claude-response-body break-words whitespace-normal leading-[1.7]\" style=\"text-align: center;\">SIRET : 45166699400029 &#8211; Adh\u00e9rente SNPCC &#8211; M\u00e9diateur : CECMC<\/p><p class=\"font-claude-response-body break-words whitespace-normal leading-[1.7]\" style=\"text-align: center;\">\u00a9 2026 Chatterie des Joyaux de Millau \u2014 Tous droits r\u00e9serv\u00e9s<\/p>\t\t\t\t\t\t\t\t<\/div>\n\t\t\t\t<\/div>\n\t\t<div class=\"elementor-element elementor-element-108efef e-con-full e-flex e-con e-child\" data-id=\"108efef\" data-element_type=\"container\" data-e-type=\"container\">\n\t\t\t\t<div class=\"elementor-element elementor-element-cbc9ba2 elementor-widget elementor-widget-image\" data-id=\"cbc9ba2\" data-element_type=\"widget\" data-e-type=\"widget\" data-widget_type=\"image.default\">\n\t\t\t\t\t\t\t\t\t\t\t\t\t\t\t\t<a href=\"https:\/\/facebook.com\/desjoyauxdemillau\">\n\t\t\t\t\t\t\t<img decoding=\"async\" src=\"https:\/\/desjoyauxdemillau.fr\/wp-content\/uploads\/elementor\/thumbs\/icon-icons-rlk0ze5dpb92c2wzge1csgibhc1ltvdy8bcmfruvlg.png\" title=\"icon-icons\" alt=\"icon-icons\" loading=\"lazy\" \/>\t\t\t\t\t\t\t\t<\/a>\n\t\t\t\t\t\t\t\t\t\t\t\t\t\t\t<\/div>\n\t\t\t\t<\/div>\n\t\t\t\t\t<\/div>\n\t\t\t\t<\/div>\n\t\t\t\t<\/div>\n\t\t","protected":false},"excerpt":{"rendered":"<p>Chatterie des Joyaux de Millau \u00a0Le British Shorthair, un chat merveilleux Bonjour et Bienvenue sur notre site,\u00a0 C&rsquo;est en 2015, [&hellip;]<\/p>\n","protected":false},"author":1,"featured_media":0,"parent":0,"menu_order":0,"comment_status":"closed","ping_status":"closed","template":"","meta":{"site-sidebar-layout":"no-sidebar","site-content-layout":"","ast-site-content-layout":"full-width-container","site-content-style":"default","site-sidebar-style":"default","ast-global-header-display":"","ast-banner-title-visibility":"","ast-main-header-display":"","ast-hfb-above-header-display":"","ast-hfb-below-header-display":"","ast-hfb-mobile-header-display":"","site-post-title":"","ast-breadcrumbs-content":"","ast-featured-img":"disabled","footer-sml-layout":"","ast-disable-related-posts":"","theme-transparent-header-meta":"","adv-header-id-meta":"","stick-header-meta":"","header-above-stick-meta":"","header-main-stick-meta":"","header-below-stick-meta":"","astra-migrate-meta-layouts":"default","ast-page-background-enabled":"default","ast-page-background-meta":{"desktop":{"background-color":"var(--ast-global-color-5)","background-image":"","background-repeat":"repeat","background-position":"center center","background-size":"auto","background-attachment":"scroll","background-type":"","background-media":"","overlay-type":"","overlay-color":"","overlay-opacity":"","overlay-gradient":""},"tablet":{"background-color":"","background-image":"","background-repeat":"repeat","background-position":"center center","background-size":"auto","background-attachment":"scroll","background-type":"","background-media":"","overlay-type":"","overlay-color":"","overlay-opacity":"","overlay-gradient":""},"mobile":{"background-color":"","background-image":"","background-repeat":"repeat","background-position":"center center","background-size":"auto","background-attachment":"scroll","background-type":"","background-media":"","overlay-type":"","overlay-color":"","overlay-opacity":"","overlay-gradient":""}},"ast-content-background-meta":{"desktop":{"background-color":"var(--ast-global-color-4)","background-image":"","background-repeat":"repeat","background-position":"center center","background-size":"auto","background-attachment":"scroll","background-type":"","background-media":"","overlay-type":"","overlay-color":"","overlay-opacity":"","overlay-gradient":""},"tablet":{"background-color":"var(--ast-global-color-4)","background-image":"","background-repeat":"repeat","background-position":"center center","background-size":"auto","background-attachment":"scroll","background-type":"","background-media":"","overlay-type":"","overlay-color":"","overlay-opacity":"","overlay-gradient":""},"mobile":{"background-color":"var(--ast-global-color-4)","background-image":"","background-repeat":"repeat","background-position":"center center","background-size":"auto","background-attachment":"scroll","background-type":"","background-media":"","overlay-type":"","overlay-color":"","overlay-opacity":"","overlay-gradient":""}},"footnotes":""},"class_list":["post-31","page","type-page","status-publish","hentry"],"_links":{"self":[{"href":"https:\/\/desjoyauxdemillau.fr\/index.php\/wp-json\/wp\/v2\/pages\/31","targetHints":{"allow":["GET"]}}],"collection":[{"href":"https:\/\/desjoyauxdemillau.fr\/index.php\/wp-json\/wp\/v2\/pages"}],"about":[{"href":"https:\/\/desjoyauxdemillau.fr\/index.php\/wp-json\/wp\/v2\/types\/page"}],"author":[{"embeddable":true,"href":"https:\/\/desjoyauxdemillau.fr\/index.php\/wp-json\/wp\/v2\/users\/1"}],"replies":[{"embeddable":true,"href":"https:\/\/desjoyauxdemillau.fr\/index.php\/wp-json\/wp\/v2\/comments?post=31"}],"version-history":[{"count":59,"href":"https:\/\/desjoyauxdemillau.fr\/index.php\/wp-json\/wp\/v2\/pages\/31\/revisions"}],"predecessor-version":[{"id":369,"href":"https:\/\/desjoyauxdemillau.fr\/index.php\/wp-json\/wp\/v2\/pages\/31\/revisions\/369"}],"wp:attachment":[{"href":"https:\/\/desjoyauxdemillau.fr\/index.php\/wp-json\/wp\/v2\/media?parent=31"}],"curies":[{"name":"wp","href":"https:\/\/api.w.org\/{rel}","templated":true}]}}