{"id":124,"date":"2026-04-04T12:35:21","date_gmt":"2026-04-04T12:35:21","guid":{"rendered":"http:\/\/ztoxath.cluster100.hosting.ovh.net\/?page_id=124"},"modified":"2026-04-05T13:51:09","modified_gmt":"2026-04-05T11:51:09","slug":"mes-males","status":"publish","type":"page","link":"https:\/\/desjoyauxdemillau.fr\/index.php\/mes-males\/","title":{"rendered":"Mes Femelles"},"content":{"rendered":"\t\t<div data-elementor-type=\"wp-page\" data-elementor-id=\"124\" class=\"elementor elementor-124\">\n\t\t\t\t<div class=\"elementor-element elementor-element-b74fb1f e-flex e-con-boxed e-con e-parent\" data-id=\"b74fb1f\" data-element_type=\"container\" data-e-type=\"container\">\n\t\t\t\t\t<div class=\"e-con-inner\">\n\t\t<div class=\"elementor-element elementor-element-3f2d085 e-con-full e-flex e-con e-child\" data-id=\"3f2d085\" data-element_type=\"container\" data-e-type=\"container\">\n\t\t\t\t<div class=\"elementor-element elementor-element-f761776 elementor-widget elementor-widget-image\" data-id=\"f761776\" data-element_type=\"widget\" data-e-type=\"widget\" data-widget_type=\"image.default\">\n\t\t\t\t\t\t\t\t\t\t\t\t\t\t\t<img fetchpriority=\"high\" decoding=\"async\" width=\"640\" height=\"960\" src=\"https:\/\/desjoyauxdemillau.fr\/wp-content\/uploads\/2026\/04\/C0B03324-72EC-47D9-8B65-70750942CBD8.jpeg\" class=\"attachment-large size-large wp-image-194\" alt=\"\" srcset=\"https:\/\/desjoyauxdemillau.fr\/wp-content\/uploads\/2026\/04\/C0B03324-72EC-47D9-8B65-70750942CBD8.jpeg 640w, https:\/\/desjoyauxdemillau.fr\/wp-content\/uploads\/2026\/04\/C0B03324-72EC-47D9-8B65-70750942CBD8-200x300.jpeg 200w\" sizes=\"(max-width: 640px) 100vw, 640px\" \/>\t\t\t\t\t\t\t\t\t\t\t\t\t\t\t<\/div>\n\t\t\t\t<div class=\"elementor-element elementor-element-1ee47d5 elementor-widget elementor-widget-text-editor\" data-id=\"1ee47d5\" data-element_type=\"widget\" data-e-type=\"widget\" data-widget_type=\"text-editor.default\">\n\t\t\t\t\t\t\t\t\t<p>ARMONY DES GUMMIS EN SUCRE<\/p>\t\t\t\t\t\t\t\t<\/div>\n\t\t\t\t<\/div>\n\t\t<div class=\"elementor-element elementor-element-6b9fb03 e-con-full e-flex e-con e-child\" data-id=\"6b9fb03\" data-element_type=\"container\" data-e-type=\"container\">\n\t\t\t\t<div class=\"elementor-element elementor-element-95aaa82 elementor-widget elementor-widget-text-editor\" data-id=\"95aaa82\" data-element_type=\"widget\" data-e-type=\"widget\" data-widget_type=\"text-editor.default\">\n\t\t\t\t\t\t\t\t\t<p><span style=\"font-style: inherit; font-weight: inherit;\">&nbsp;<\/span><\/p>\n<p><span style=\"font-style: inherit; font-weight: inherit;\">&nbsp;<\/span><\/p>\n<p><span style=\"font-style: inherit; font-weight: inherit;\">N\u00e9 le 01\/05\/2025 n\u00e9e chez&nbsp; mon amie Sylvie Huber<\/span><\/p>\n<p>Couleur bleue<\/p>\n<p>Shorthair&nbsp;<\/p>\n<p>Groupe sanguin : B<\/p>\n<p>Mamam : Ursula des Gummis en Sucre<\/p>\n<p>Papa : UK Tanguy de la Tibelyne<\/p>\n<p>Armony c&rsquo;est une beaut\u00e9 issue d&rsquo;une lign\u00e9e r\u00eav\u00e9e<\/p>\n<p>Tous les tests de sant\u00e9 et \u00e9cho cardiaque : Ok<\/p>\n<p>Son&nbsp;<a href=\"https:\/\/www.pawpeds.com\/db\/?a=p&amp;id=1852684&amp;g=4&amp;p=bri&amp;o=elastic\" target=\"_blank\" style=\"background-color: rgb(0, 0, 0); font-size: 1rem;\">p\u00e9digr\u00e9e<\/a><\/p>\t\t\t\t\t\t\t\t<\/div>\n\t\t\t\t<\/div>\n\t\t\t\t\t<\/div>\n\t\t\t\t<\/div>\n\t\t<div class=\"elementor-element elementor-element-63f9a9e e-flex e-con-boxed e-con e-parent\" data-id=\"63f9a9e\" data-element_type=\"container\" data-e-type=\"container\">\n\t\t\t\t\t<div class=\"e-con-inner\">\n\t\t<div class=\"elementor-element elementor-element-c981013 e-con-full e-flex e-con e-child\" data-id=\"c981013\" data-element_type=\"container\" data-e-type=\"container\">\n\t\t\t\t<div class=\"elementor-element elementor-element-cc54a54 elementor-widget elementor-widget-text-editor\" data-id=\"cc54a54\" data-element_type=\"widget\" data-e-type=\"widget\" data-widget_type=\"text-editor.default\">\n\t\t\t\t\t\t\t\t\t<p>\u00a0<\/p><p>N\u00e9 le 18 f\u00e9vrier 2026 chez Vanessa<\/p><p>Couleur Bleue<\/p><p>Shorthair\u00a0<\/p><p>Maman :\u00a0<\/p><p>Papa :\u00a0\u00a0<\/p><p>Une petite minette qui va bient\u00f4t arriver, nous allons faire connaissance<\/p><p>Son p\u00e9digr\u00e9e<\/p>\t\t\t\t\t\t\t\t<\/div>\n\t\t\t\t<\/div>\n\t\t<div class=\"elementor-element elementor-element-0eb90d8 e-con-full e-flex e-con e-child\" data-id=\"0eb90d8\" data-element_type=\"container\" data-e-type=\"container\">\n\t\t\t\t<div class=\"elementor-element elementor-element-2762d3d elementor-widget elementor-widget-image\" data-id=\"2762d3d\" data-element_type=\"widget\" data-e-type=\"widget\" data-widget_type=\"image.default\">\n\t\t\t\t\t\t\t\t\t\t\t\t<figure class=\"wp-caption\">\n\t\t\t\t\t\t\t\t\t\t<img decoding=\"async\" width=\"983\" height=\"799\" src=\"https:\/\/desjoyauxdemillau.fr\/wp-content\/uploads\/2026\/04\/17E6F7DF-F513-437A-A4E9-7C22CA5DF72F_1_105_c.jpeg\" class=\"attachment-large size-large wp-image-201\" alt=\"\" srcset=\"https:\/\/desjoyauxdemillau.fr\/wp-content\/uploads\/2026\/04\/17E6F7DF-F513-437A-A4E9-7C22CA5DF72F_1_105_c.jpeg 983w, https:\/\/desjoyauxdemillau.fr\/wp-content\/uploads\/2026\/04\/17E6F7DF-F513-437A-A4E9-7C22CA5DF72F_1_105_c-300x244.jpeg 300w, https:\/\/desjoyauxdemillau.fr\/wp-content\/uploads\/2026\/04\/17E6F7DF-F513-437A-A4E9-7C22CA5DF72F_1_105_c-768x624.jpeg 768w\" sizes=\"(max-width: 983px) 100vw, 983px\" \/>\t\t\t\t\t\t\t\t\t\t\t<figcaption class=\"widget-image-caption wp-caption-text\"><\/figcaption>\n\t\t\t\t\t\t\t\t\t\t<\/figure>\n\t\t\t\t\t\t\t\t\t<\/div>\n\t\t\t\t<div class=\"elementor-element elementor-element-ee4b746 elementor-widget elementor-widget-text-editor\" data-id=\"ee4b746\" data-element_type=\"widget\" data-e-type=\"widget\" data-widget_type=\"text-editor.default\">\n\t\t\t\t\t\t\t\t\t<p style=\"text-align: center;\">BROOK LYNE DE L&rsquo;EMPIRE DE LARA<\/p>\t\t\t\t\t\t\t\t<\/div>\n\t\t\t\t<\/div>\n\t\t\t\t\t<\/div>\n\t\t\t\t<\/div>\n\t\t\t\t<\/div>\n\t\t","protected":false},"excerpt":{"rendered":"<p>ARMONY DES GUMMIS EN SUCRE &nbsp; &nbsp; N\u00e9 le 01\/05\/2025 n\u00e9e chez&nbsp; mon amie Sylvie Huber Couleur bleue Shorthair&nbsp; Groupe [&hellip;]<\/p>\n","protected":false},"author":1,"featured_media":0,"parent":0,"menu_order":0,"comment_status":"closed","ping_status":"closed","template":"","meta":{"site-sidebar-layout":"no-sidebar","site-content-layout":"","ast-site-content-layout":"full-width-container","site-content-style":"default","site-sidebar-style":"default","ast-global-header-display":"","ast-banner-title-visibility":"","ast-main-header-display":"","ast-hfb-above-header-display":"","ast-hfb-below-header-display":"","ast-hfb-mobile-header-display":"","site-post-title":"","ast-breadcrumbs-content":"","ast-featured-img":"disabled","footer-sml-layout":"","ast-disable-related-posts":"","theme-transparent-header-meta":"","adv-header-id-meta":"","stick-header-meta":"","header-above-stick-meta":"","header-main-stick-meta":"","header-below-stick-meta":"","astra-migrate-meta-layouts":"default","ast-page-background-enabled":"default","ast-page-background-meta":{"desktop":{"background-color":"var(--ast-global-color-5)","background-image":"","background-repeat":"repeat","background-position":"center center","background-size":"auto","background-attachment":"scroll","background-type":"","background-media":"","overlay-type":"","overlay-color":"","overlay-opacity":"","overlay-gradient":""},"tablet":{"background-color":"","background-image":"","background-repeat":"repeat","background-position":"center center","background-size":"auto","background-attachment":"scroll","background-type":"","background-media":"","overlay-type":"","overlay-color":"","overlay-opacity":"","overlay-gradient":""},"mobile":{"background-color":"","background-image":"","background-repeat":"repeat","background-position":"center center","background-size":"auto","background-attachment":"scroll","background-type":"","background-media":"","overlay-type":"","overlay-color":"","overlay-opacity":"","overlay-gradient":""}},"ast-content-background-meta":{"desktop":{"background-color":"var(--ast-global-color-4)","background-image":"","background-repeat":"repeat","background-position":"center center","background-size":"auto","background-attachment":"scroll","background-type":"","background-media":"","overlay-type":"","overlay-color":"","overlay-opacity":"","overlay-gradient":""},"tablet":{"background-color":"var(--ast-global-color-4)","background-image":"","background-repeat":"repeat","background-position":"center center","background-size":"auto","background-attachment":"scroll","background-type":"","background-media":"","overlay-type":"","overlay-color":"","overlay-opacity":"","overlay-gradient":""},"mobile":{"background-color":"var(--ast-global-color-4)","background-image":"","background-repeat":"repeat","background-position":"center center","background-size":"auto","background-attachment":"scroll","background-type":"","background-media":"","overlay-type":"","overlay-color":"","overlay-opacity":"","overlay-gradient":""}},"footnotes":""},"class_list":["post-124","page","type-page","status-publish","hentry"],"_links":{"self":[{"href":"https:\/\/desjoyauxdemillau.fr\/index.php\/wp-json\/wp\/v2\/pages\/124","targetHints":{"allow":["GET"]}}],"collection":[{"href":"https:\/\/desjoyauxdemillau.fr\/index.php\/wp-json\/wp\/v2\/pages"}],"about":[{"href":"https:\/\/desjoyauxdemillau.fr\/index.php\/wp-json\/wp\/v2\/types\/page"}],"author":[{"embeddable":true,"href":"https:\/\/desjoyauxdemillau.fr\/index.php\/wp-json\/wp\/v2\/users\/1"}],"replies":[{"embeddable":true,"href":"https:\/\/desjoyauxdemillau.fr\/index.php\/wp-json\/wp\/v2\/comments?post=124"}],"version-history":[{"count":56,"href":"https:\/\/desjoyauxdemillau.fr\/index.php\/wp-json\/wp\/v2\/pages\/124\/revisions"}],"predecessor-version":[{"id":356,"href":"https:\/\/desjoyauxdemillau.fr\/index.php\/wp-json\/wp\/v2\/pages\/124\/revisions\/356"}],"wp:attachment":[{"href":"https:\/\/desjoyauxdemillau.fr\/index.php\/wp-json\/wp\/v2\/media?parent=124"}],"curies":[{"name":"wp","href":"https:\/\/api.w.org\/{rel}","templated":true}]}}